{"id":6356,"date":"2017-11-10T14:16:46","date_gmt":"2017-11-10T07:16:46","guid":{"rendered":"https:\/\/mogi.vn\/news\/?page_id=6356"},"modified":"2022-03-17T15:58:13","modified_gmt":"2022-03-17T08:58:13","slug":"tham-khao-gia-nha-dat","status":"publish","type":"page","link":"https:\/\/mogi.vn\/news\/tham-khao-gia-nha-dat\/","title":{"rendered":"T\u00ednh N\u0103ng Tham Kh\u1ea3o Gi\u00e1 Nh\u00e0 \u0110\u1ea5t Th\u00f4ng Minh Nh\u1ea5t"},"content":{"rendered":"","protected":false},"excerpt":{"rendered":"","protected":false},"author":50,"featured_media":0,"parent":0,"menu_order":0,"comment_status":"closed","ping_status":"closed","template":"","meta":{"_acf_changed":false,"ub_ctt_via":"","_lmt_disableupdate":"","_lmt_disable":"","footnotes":""},"acf":[],"featured_image_src":null,"_links":{"self":[{"href":"https:\/\/mogi.vn\/news\/wp-json\/wp\/v2\/pages\/6356"}],"collection":[{"href":"https:\/\/mogi.vn\/news\/wp-json\/wp\/v2\/pages"}],"about":[{"href":"https:\/\/mogi.vn\/news\/wp-json\/wp\/v2\/types\/page"}],"author":[{"embeddable":true,"href":"https:\/\/mogi.vn\/news\/wp-json\/wp\/v2\/users\/50"}],"replies":[{"embeddable":true,"href":"https:\/\/mogi.vn\/news\/wp-json\/wp\/v2\/comments?post=6356"}],"version-history":[{"count":0,"href":"https:\/\/mogi.vn\/news\/wp-json\/wp\/v2\/pages\/6356\/revisions"}],"wp:attachment":[{"href":"https:\/\/mogi.vn\/news\/wp-json\/wp\/v2\/media?parent=6356"}],"curies":[{"name":"wp","href":"https:\/\/api.w.org\/{rel}","templated":true}]}}