{"id":281903,"date":"2025-07-29T10:11:35","date_gmt":"2025-07-29T03:11:35","guid":{"rendered":"https:\/\/mogi.vn\/news\/?page_id=281903"},"modified":"2025-07-29T10:11:38","modified_gmt":"2025-07-29T03:11:38","slug":"quy-trinh-bien-tap-va-xuat-ban-noi-dung","status":"publish","type":"page","link":"https:\/\/mogi.vn\/news\/quy-trinh-bien-tap-va-xuat-ban-noi-dung\/","title":{"rendered":"Quy tr\u00ecnh Bi\u00ean t\u1eadp v\u00e0 Xu\u1ea5t b\u1ea3n N\u1ed9i dung"},"content":{"rendered":"\n<p style=\"text-align: justify;\"><span style=\"font-weight: 400;\">T\u1ea1i Mogi.vn, \u0111\u1ed9i ng\u0169 bi\u00ean t\u1eadp cam k\u1ebft cung c\u1ea5p th\u00f4ng tin b\u1ea5t \u0111\u1ed9ng s\u1ea3n ch\u00ednh x\u00e1c, chuy\u00ean s\u00e2u v\u00e0 \u0111\u00e1ng tin c\u1eady nh\u1ea5t \u0111\u1ebfn c\u1ed9ng \u0111\u1ed3ng ng\u01b0\u1eddi d\u00f9ng. \u0110\u1ec3 hi\u1ec7n th\u1ef1c h\u00f3a cam k\u1ebft n\u00e0y, Mogi.vn \u0111\u00e3 thi\u1ebft l\u1eadp m\u1ed9t quy tr\u00ecnh bi\u00ean t\u1eadp v\u00e0 xu\u1ea5t b\u1ea3n n\u1ed9i dung nghi\u00eam ng\u1eb7t, \u0111\u1ea3m b\u1ea3o ch\u1ea5t l\u01b0\u1ee3ng t\u1ed1t nh\u1ea5t t\u1eeb giai \u0111o\u1ea1n h\u00ecnh th\u00e0nh \u00fd t\u01b0\u1edfng cho \u0111\u1ebfn khi n\u1ed9i dung \u0111\u01b0\u1ee3c c\u00f4ng b\u1ed1 r\u1ed9ng r\u00e3i.<\/span><\/p>\n<h2 style=\"text-align: justify;\"><b>1. Nguy\u00ean t\u1eafc Bi\u00ean t\u1eadp n\u1ed9i dung c\u1ee7a Mogi.vn<\/b><\/h2>\n<figure id=\"attachment_281906\" aria-describedby=\"caption-attachment-281906\" style=\"width: 1000px\" class=\"wp-caption aligncenter\"><img loading=\"lazy\" decoding=\"async\" class=\"size-full wp-image-281906\" src=\"https:\/\/cdnnews.mogi.vn\/news\/wp-content\/uploads\/2025\/07\/29095449\/nguyen-tac-bien-tap-noi-dung-mogi.jpg\" alt=\"Nguy\u00ean t\u1eafc bi\u00ean t\u1eadp n\u1ed9i dung Mogi.vn\" width=\"1000\" height=\"600\" title=\"\" srcset=\"https:\/\/cdnnews.mogi.vn\/news\/wp-content\/uploads\/2025\/07\/29095449\/nguyen-tac-bien-tap-noi-dung-mogi.jpg 1000w, https:\/\/cdnnews.mogi.vn\/news\/wp-content\/uploads\/2025\/07\/29095449\/nguyen-tac-bien-tap-noi-dung-mogi-300x180.jpg 300w, https:\/\/cdnnews.mogi.vn\/news\/wp-content\/uploads\/2025\/07\/29095449\/nguyen-tac-bien-tap-noi-dung-mogi-768x461.jpg 768w, https:\/\/cdnnews.mogi.vn\/news\/wp-content\/uploads\/2025\/07\/29095449\/nguyen-tac-bien-tap-noi-dung-mogi-696x418.jpg 696w\" sizes=\"(max-width: 1000px) 100vw, 1000px\" \/><figcaption id=\"caption-attachment-281906\" class=\"wp-caption-text\">Nguy\u00ean t\u1eafc bi\u00ean t\u1eadp n\u1ed9i dung Mogi.vn<\/figcaption><\/figure>\n<p style=\"text-align: justify;\"><span style=\"font-weight: 400;\">N\u1ec1n t\u1ea3ng ho\u1ea1t \u0111\u1ed9ng c\u1ee7a Mogi.vn lu\u00f4n \u01b0u ti\u00ean l\u1ee3i \u00edch v\u00e0 tr\u1ea3i nghi\u1ec7m c\u1ee7a ng\u01b0\u1eddi d\u00f9ng. \u0110\u1ec3 duy tr\u00ec nguy\u00ean t\u1eafc n\u00e0y, \u0111\u1ed9i ng\u0169 Mogi.vn ki\u00ean \u0111\u1ecbnh tu\u00e2n th\u1ee7 c\u00e1c tri\u1ebft l\u00fd c\u1ed1t l\u00f5i sau:<\/span><\/p>\n<ul style=\"text-align: justify;\">\n<li style=\"font-weight: 400;\" aria-level=\"1\"><span style=\"font-weight: 400;\">\u0110\u1ed9 tin c\u1eady v\u00e0 gi\u00e1 tr\u1ecb th\u00f4ng tin: M\u1ecdi \u1ea5n ph\u1ea9m tr\u00ean Mogi.vn \u0111\u1ec1u tr\u1ea3i qua quy tr\u00ecnh ki\u1ec3m duy\u1ec7t kh\u1eaft khe b\u1edfi \u0111\u1ed9i ng\u0169 chuy\u00ean gia s\u1edf h\u1eefu ki\u1ebfn th\u1ee9c s\u00e2u r\u1ed9ng v\u00e0 kinh nghi\u1ec7m th\u1ef1c ti\u1ec5n trong l\u0129nh v\u1ef1c b\u1ea5t \u0111\u1ed9ng s\u1ea3n. Ch\u00fang t\u00f4i cam \u0111oan cung c\u1ea5p th\u00f4ng tin \u0111\u00e3 \u0111\u01b0\u1ee3c x\u00e1c minh k\u1ef9 l\u01b0\u1ee1ng t\u1eeb c\u00e1c ngu\u1ed3n uy t\u00edn, h\u1ed7 tr\u1ee3 \u0111\u1ed9c gi\u1ea3 \u0111\u01b0a ra nh\u1eefng quy\u1ebft \u0111\u1ecbnh s\u00e1ng su\u1ed1t v\u00e0 c\u00f3 c\u01a1 s\u1edf.<\/span><\/li>\n<li style=\"font-weight: 400;\" aria-level=\"1\"><span style=\"font-weight: 400;\">T\u00ednh trung l\u1eadp v\u00e0 kh\u00e1ch quan: Mogi.vn cam k\u1ebft tr\u00ecnh b\u00e0y th\u00f4ng tin m\u1ed9t c\u00e1ch minh b\u1ea1ch, c\u00f4ng b\u1eb1ng, kh\u00f4ng thi\u00ean v\u1ecb hay \u01b0u ti\u00ean b\u1ea5t k\u1ef3 d\u1ef1 \u00e1n, th\u01b0\u01a1ng hi\u1ec7u hay c\u00e1 nh\u00e2n c\u1ee5 th\u1ec3 n\u00e0o. M\u1ee5c ti\u00eau c\u1ee7a Mogi l\u00e0 ki\u1ebfn t\u1ea1o m\u1ed9t b\u1ee9c tranh to\u00e0n di\u1ec7n v\u00e0 \u0111a chi\u1ec1u v\u1ec1 th\u1ecb tr\u01b0\u1eddng b\u1ea5t \u0111\u1ed9ng s\u1ea3n.<\/span><\/li>\n<li style=\"font-weight: 400;\" aria-level=\"1\"><span style=\"font-weight: 400;\">T\u00f4n tr\u1ecdng \u0110\u1ed9c gi\u1ea3: Mogi.vn lu\u00f4n s\u1eed d\u1ee5ng ng\u00f4n ng\u1eef chu\u1ea9n m\u1ef1c, r\u00f5 r\u00e0ng, d\u1ec5 ti\u1ebfp c\u1eadn v\u00e0 minh h\u1ecda b\u1eb1ng h\u00ecnh \u1ea3nh ph\u00f9 h\u1ee3p. Mogi.vn tuy\u1ec7t \u0111\u1ed1i tr\u00e1nh m\u1ecdi c\u00e1ch di\u1ec5n \u0111\u1ea1t ho\u1eb7c h\u00ecnh \u1ea3nh c\u00f3 th\u1ec3 g\u00e2y hi\u1ec3u l\u1ea7m, ph\u1ea3n c\u1ea3m ho\u1eb7c thi\u1ebfu t\u00f4n tr\u1ecdng \u0111\u1ed1i v\u1edbi \u0111\u1ed9c gi\u1ea3.<\/span><\/li>\n<\/ul>\n<h2 style=\"text-align: justify;\"><b>2. Quy tr\u00ecnh Xu\u1ea5t b\u1ea3n n\u1ed9i dung c\u1ee7a Mogi.vn<\/b><\/h2>\n<figure id=\"attachment_281907\" aria-describedby=\"caption-attachment-281907\" style=\"width: 1000px\" class=\"wp-caption aligncenter\"><img loading=\"lazy\" decoding=\"async\" class=\"size-full wp-image-281907\" src=\"https:\/\/cdnnews.mogi.vn\/news\/wp-content\/uploads\/2025\/07\/29095454\/quy-trinh-xuat-ban-noi-dung-mogi.jpg\" alt=\"Quy tr\u00ecnh xu\u1ea5t b\u1ea3n n\u1ed9i dung c\u1ee7a Mogi.vn\" width=\"1000\" height=\"600\" title=\"\" srcset=\"https:\/\/cdnnews.mogi.vn\/news\/wp-content\/uploads\/2025\/07\/29095454\/quy-trinh-xuat-ban-noi-dung-mogi.jpg 1000w, https:\/\/cdnnews.mogi.vn\/news\/wp-content\/uploads\/2025\/07\/29095454\/quy-trinh-xuat-ban-noi-dung-mogi-300x180.jpg 300w, https:\/\/cdnnews.mogi.vn\/news\/wp-content\/uploads\/2025\/07\/29095454\/quy-trinh-xuat-ban-noi-dung-mogi-768x461.jpg 768w, https:\/\/cdnnews.mogi.vn\/news\/wp-content\/uploads\/2025\/07\/29095454\/quy-trinh-xuat-ban-noi-dung-mogi-696x418.jpg 696w\" sizes=\"(max-width: 1000px) 100vw, 1000px\" \/><figcaption id=\"caption-attachment-281907\" class=\"wp-caption-text\">Quy tr\u00ecnh xu\u1ea5t b\u1ea3n n\u1ed9i dung c\u1ee7a Mogi.vn<\/figcaption><\/figure>\n<p style=\"text-align: justify;\"><span style=\"font-weight: 400;\">\u0110\u1ec3 mang \u0111\u1ebfn nh\u1eefng th\u00f4ng tin x\u00e1c th\u1ef1c, gi\u00e1 tr\u1ecb v\u00e0 h\u1eefu \u00edch t\u1ed1i \u0111a cho \u0110\u1ed9c gi\u1ea3, Mogi.vn \u0111\u00e3 x\u00e2y d\u1ef1ng m\u1ed9t quy tr\u00ecnh bi\u00ean t\u1eadp v\u00e0 xu\u1ea5t b\u1ea3n n\u1ed9i dung bao g\u1ed3m c\u00e1c giai \u0111o\u1ea1n tu\u1ea7n t\u1ef1 sau:<\/span><\/p>\n<h3 style=\"text-align: justify;\"><b>Giai \u0111o\u1ea1n 1: X\u00e1c \u0111\u1ecbnh v\u00e0 ph\u00e1t tri\u1ec3n \u00fd t\u01b0\u1edfng<\/b><\/h3>\n<p style=\"text-align: justify;\"><span style=\"font-weight: 400;\">Giai \u0111o\u1ea1n \u0111\u1ea7u ti\u00ean trong h\u00e0nh tr\u00ecnh x\u00e2y d\u1ef1ng n\u1ed9i dung t\u1ea1i Mogi.vn l\u00e0 vi\u1ec7c x\u00e1c \u0111\u1ecbnh v\u00e0 ph\u00e1t tri\u1ec3n \u00fd t\u01b0\u1edfng b\u00e0i vi\u1ebft. C\u00e1c \u00fd t\u01b0\u1edfng n\u00e0y \u0111\u01b0\u1ee3c ch\u1eaft l\u1ecdc t\u1eeb nhi\u1ec1u ngu\u1ed3n \u0111a d\u1ea1ng:<\/span><\/p>\n<ul style=\"text-align: justify;\">\n<li style=\"font-weight: 400;\" aria-level=\"1\"><span style=\"font-weight: 400;\">Ph\u00e2n t\u00edch xu h\u01b0\u1edbng th\u1ecb tr\u01b0\u1eddng b\u1ea5t \u0111\u1ed9ng s\u1ea3n: C\u1eadp nh\u1eadt v\u00e0 \u0111\u00e0o s\u00e2u c\u00e1c di\u1ec5n bi\u1ebfn m\u1edbi nh\u1ea5t v\u1ec1 bi\u1ebfn \u0111\u1ed9ng gi\u00e1, lo\u1ea1i h\u00ecnh b\u1ea5t \u0111\u1ed9ng s\u1ea3n ti\u1ec1m n\u0103ng, v\u00e0 c\u00e1c khu v\u1ef1c n\u1ed5i b\u1eadt.<\/span><\/li>\n<li style=\"font-weight: 400;\" aria-level=\"1\"><span style=\"font-weight: 400;\">Nghi\u00ean c\u1ee9u ch\u00ednh s\u00e1ch v\u00e0 ph\u00e1p l\u00fd: Ph\u00e2n t\u00edch nh\u1eefng thay \u0111\u1ed5i trong lu\u1eadt \u0111\u1ea5t \u0111ai, quy ho\u1ea1ch \u0111\u00f4 th\u1ecb, v\u00e0 c\u00e1c ch\u00ednh s\u00e1ch t\u00edn d\u1ee5ng \u1ea3nh h\u01b0\u1edfng \u0111\u1ebfn th\u1ecb tr\u01b0\u1eddng b\u1ea5t \u0111\u1ed9ng s\u1ea3n.<\/span><\/li>\n<li style=\"font-weight: 400;\" aria-level=\"1\"><span style=\"font-weight: 400;\">L\u1eafng nghe nhu c\u1ea7u \u0110\u1ed9c gi\u1ea3: Gi\u1ea3i \u0111\u00e1p nh\u1eefng th\u1eafc m\u1eafc ph\u1ed5 bi\u1ebfn v\u1ec1 giao d\u1ecbch mua b\u00e1n, cho thu\u00ea, \u0111\u1ea7u t\u01b0 b\u1ea5t \u0111\u1ed9ng s\u1ea3n, c\u00e1c th\u1ee7 t\u1ee5c ph\u00e1p l\u00fd ph\u1ee9c t\u1ea1p, v\u00e0 kinh nghi\u1ec7m th\u1ef1c ti\u1ec5n trong vi\u1ec7c l\u1ef1a ch\u1ecdn t\u00e0i s\u1ea3n.<\/span><\/li>\n<li style=\"font-weight: 400;\" aria-level=\"1\"><span style=\"font-weight: 400;\">\u0110\u00e1nh gi\u00e1 d\u1eef li\u1ec7u n\u1ed9i b\u1ed9: D\u1ef1a tr\u00ean d\u1eef li\u1ec7u t\u00ecm ki\u1ebfm, l\u01b0\u1ee3t xem v\u00e0 t\u01b0\u01a1ng t\u00e1c tr\u00ean n\u1ec1n t\u1ea3ng Mogi.vn \u0111\u1ec3 th\u1ea5u hi\u1ec3u s\u00e2u s\u1eafc nhu c\u1ea7u th\u00f4ng tin c\u1ee7a ng\u01b0\u1eddi d\u00f9ng.<\/span><\/li>\n<\/ul>\n<p style=\"text-align: justify;\"><span style=\"font-weight: 400;\">Sau khi \u00fd t\u01b0\u1edfng \u0111\u01b0\u1ee3c \u0111\u1ecbnh h\u00ecnh, \u0111\u1ed9i ng\u0169 bi\u00ean t\u1eadp s\u1ebd ti\u1ebfn h\u00e0nh nghi\u00ean c\u1ee9u chuy\u00ean s\u00e2u, thu th\u1eadp th\u00f4ng tin, ch\u1ee7 \u0111\u1ec1 v\u00e0 t\u1eeb kh\u00f3a li\u00ean quan, nh\u1eb1m \u0111\u1ea3m b\u1ea3o b\u00e0i vi\u1ebft cung c\u1ea5p n\u1ed9i dung ch\u00ednh x\u00e1c v\u00e0 gi\u00e1 tr\u1ecb thi\u1ebft th\u1ef1c.<\/span><\/p>\n<h3 style=\"text-align: justify;\"><b>Giai \u0111o\u1ea1n 2: X\u00e2y d\u1ef1ng d\u00e0n \u00fd v\u00e0 ki\u1ec3m duy\u1ec7t ban \u0111\u1ea7u<\/b><\/h3>\n<p style=\"text-align: justify;\"><span style=\"font-weight: 400;\">V\u1edbi \u00fd t\u01b0\u1edfng v\u00e0 th\u00f4ng tin n\u1ec1n t\u1ea3ng, \u0111\u1ed9i ng\u0169 TTS c\u1ee7a Mogi.vn s\u1ebd x\u00e2y d\u1ef1ng d\u00e0n \u00fd chi ti\u1ebft cho b\u00e0i vi\u1ebft, \u0111\u1ed3ng th\u1eddi ti\u1ebfp t\u1ee5c thu th\u1eadp th\u00f4ng tin t\u1eeb c\u00e1c ngu\u1ed3n uy t\u00edn. M\u1ed7i d\u00e0n \u00fd ph\u1ea3i \u0111\u00e1p \u1ee9ng c\u00e1c ti\u00eau ch\u00ed nghi\u00eam ng\u1eb7t sau:<\/span><\/p>\n<ul style=\"text-align: justify;\">\n<li style=\"font-weight: 400;\" aria-level=\"1\"><span style=\"font-weight: 400;\">Tuy\u1ec3n ch\u1ecdn ngu\u1ed3n tin c\u1eady: \u01afu ti\u00ean c\u00e1c b\u00e1o c\u00e1o th\u1ecb tr\u01b0\u1eddng t\u1eeb t\u1ed5 ch\u1ee9c uy t\u00edn, th\u00f4ng tin ch\u00ednh th\u1ed1ng t\u1eeb c\u01a1 quan nh\u00e0 n\u01b0\u1edbc, v\u00e0 quan \u0111i\u1ec3m t\u1eeb c\u00e1c chuy\u00ean gia b\u1ea5t \u0111\u1ed9ng s\u1ea3n h\u00e0ng \u0111\u1ea7u.<\/span><\/li>\n<li style=\"font-weight: 400;\" aria-level=\"1\"><span style=\"font-weight: 400;\">X\u00e1c minh t\u00ednh ch\u00ednh x\u00e1c: M\u1ecdi s\u1ed1 li\u1ec7u, d\u1eef ki\u1ec7n, v\u00e0 th\u00f4ng tin ph\u00e1p l\u00fd \u0111\u1ec1u ph\u1ea3i \u0111\u01b0\u1ee3c \u0111\u1ed1i chi\u1ebfu v\u00e0 x\u00e1c minh k\u1ef9 l\u01b0\u1ee1ng tr\u01b0\u1edbc khi \u0111\u01b0a v\u00e0o d\u00e0n \u00fd.<\/span><\/li>\n<li style=\"font-weight: 400;\" aria-level=\"1\"><span style=\"font-weight: 400;\">\u0110\u1ea3m b\u1ea3o chi\u1ec1u s\u00e2u n\u1ed9i dung: D\u00e0n \u00fd ph\u1ea3i bao g\u1ed3m \u0111\u1ea7y \u0111\u1ee7 c\u00e1c lu\u1eadn \u0111i\u1ec3m, v\u00ed d\u1ee5 minh h\u1ecda, v\u00e0 s\u1ed1 li\u1ec7u c\u1ea7n thi\u1ebft \u0111\u1ec3 b\u00e0i vi\u1ebft c\u00f3 t\u00ednh chuy\u00ean s\u00e2u v\u00e0 gi\u00e1 tr\u1ecb th\u00f4ng tin cao.<\/span><\/li>\n<\/ul>\n<p style=\"text-align: justify;\"><span style=\"font-weight: 400;\">Sau khi ho\u00e0n thi\u1ec7n, d\u00e0n \u00fd s\u1ebd \u0111\u01b0\u1ee3c chuy\u1ec3n giao cho \u0111\u1ed9i ng\u0169 nh\u00e2n vi\u00ean c\u00f3 chuy\u00ean m\u00f4n \u0111\u1ec3 ki\u1ec3m duy\u1ec7t, \u0111\u1ea3m b\u1ea3o t\u00ednh ph\u00f9 h\u1ee3p v\u00e0 ch\u1ea5t l\u01b0\u1ee3ng tr\u01b0\u1edbc khi ch\u00ednh th\u1ee9c tri\u1ec3n khai vi\u1ebft b\u00e0i.<\/span><\/p>\n<h3 style=\"text-align: justify;\"><b>Giai \u0111o\u1ea1n 3: Tri\u1ec3n khai vi\u1ebft b\u00e0i<\/b><\/h3>\n<p style=\"text-align: justify;\"><span style=\"font-weight: 400;\">Khi d\u00e0n \u00fd \u0111\u00e3 \u0111\u01b0\u1ee3c th\u00f4ng qua, \u0111\u1ed9i ng\u0169 c\u1ed9ng t\u00e1c vi\u00ean c\u00f3 chuy\u00ean m\u00f4n c\u1ee7a Mogi.vn s\u1ebd ti\u1ebfn h\u00e0nh vi\u1ebft b\u00e0i. C\u00e1c b\u00e0i vi\u1ebft ph\u1ea3i tu\u00e2n th\u1ee7 c\u00e1c ti\u00eau ch\u00ed ch\u1ea5t l\u01b0\u1ee3ng sau:<\/span><\/p>\n<ul style=\"text-align: justify;\">\n<li style=\"font-weight: 400;\" aria-level=\"1\"><span style=\"font-weight: 400;\">T\u00ednh ch\u00ednh x\u00e1c: N\u1ed9i dung b\u00e0i vi\u1ebft ph\u1ea3i \u0111\u01b0\u1ee3c x\u00e2y d\u1ef1ng d\u1ef1a tr\u00ean c\u00e1c ngu\u1ed3n th\u00f4ng tin uy t\u00edn, \u0111\u00e1ng tin c\u1eady v\u00e0 \u0111\u00e3 \u0111\u01b0\u1ee3c ki\u1ec3m ch\u1ee9ng trong l\u0129nh v\u1ef1c b\u1ea5t \u0111\u1ed9ng s\u1ea3n.<\/span><\/li>\n<li style=\"font-weight: 400;\" aria-level=\"1\"><span style=\"font-weight: 400;\">T\u00ednh h\u1eefu \u00edch: B\u00e0i vi\u1ebft c\u1ea7n cung c\u1ea5p nh\u1eefng th\u00f4ng tin gi\u00e1 tr\u1ecb, gi\u1ea3i quy\u1ebft \u0111\u01b0\u1ee3c v\u1ea5n \u0111\u1ec1 c\u1ee5 th\u1ec3 ho\u1eb7c mang l\u1ea1i ki\u1ebfn th\u1ee9c b\u1ed5 \u00edch cho \u0111\u1ed9c gi\u1ea3 khi t\u00ecm hi\u1ec3u v\u1ec1 th\u1ecb tr\u01b0\u1eddng b\u1ea5t \u0111\u1ed9ng s\u1ea3n.<\/span><\/li>\n<li style=\"font-weight: 400;\" aria-level=\"1\"><span style=\"font-weight: 400;\">T\u00ednh c\u1eadp nh\u1eadt: N\u1ed9i dung b\u00e0i vi\u1ebft ph\u1ea3i ph\u1ea3n \u00e1nh \u0111\u00fang t\u00ecnh h\u00ecnh v\u00e0 xu h\u01b0\u1edbng th\u1ecb tr\u01b0\u1eddng b\u1ea5t \u0111\u1ed9ng s\u1ea3n t\u1ea1i th\u1eddi \u0111i\u1ec3m c\u00f4ng b\u1ed1, \u0111\u1eb7c bi\u1ec7t l\u00e0 c\u00e1c th\u00f4ng tin v\u1ec1 gi\u00e1 c\u1ea3 v\u00e0 quy ho\u1ea1ch.<\/span><\/li>\n<li style=\"font-weight: 400;\" aria-level=\"1\"><span style=\"font-weight: 400;\">T\u00ednh m\u1ea1ch l\u1ea1c v\u00e0 d\u1ec5 hi\u1ec3u: B\u00e0i vi\u1ebft c\u1ea7n \u0111\u01b0\u1ee3c tr\u00ecnh b\u00e0y s\u00fac t\u00edch, r\u00f5 r\u00e0ng, v\u1edbi c\u1ea5u tr\u00fac logic, d\u1ec5 \u0111\u1ecdc v\u00e0 th\u00e2n thi\u1ec7n v\u1edbi \u0111\u1ed9c gi\u1ea3.<\/span><\/li>\n<li style=\"font-weight: 400;\" aria-level=\"1\"><span style=\"font-weight: 400;\">T\u00ednh h\u1ea5p d\u1eabn: S\u1eed d\u1ee5ng c\u00e1c ti\u00eau \u0111\u1ec1 l\u00f4i cu\u1ed1n, c\u00e1ch tr\u00ecnh b\u00e0y khoa h\u1ecdc, k\u1ebft h\u1ee3p h\u00e0i h\u00f2a h\u00ecnh \u1ea3nh, bi\u1ec3u \u0111\u1ed3, v\u00e0 video minh h\u1ecda ch\u1ea5t l\u01b0\u1ee3ng cao \u0111\u1ec3 l\u00e0m n\u1ed5i b\u1eadt n\u1ed9i dung.<\/span><\/li>\n<\/ul>\n<h3 style=\"text-align: justify;\"><b>Giai \u0111o\u1ea1n 4: Ki\u1ec3m duy\u1ec7t ch\u1ea5t l\u01b0\u1ee3ng b\u00e0i vi\u1ebft<\/b><\/h3>\n<p style=\"text-align: justify;\"><span style=\"font-weight: 400;\">Sau khi ho\u00e0n t\u1ea5t qu\u00e1 tr\u00ecnh vi\u1ebft, b\u00e0i vi\u1ebft s\u1ebd \u0111\u01b0\u1ee3c chuy\u1ec3n giao cho \u0111\u1ed9i ng\u0169 c\u00f3 chuy\u00ean m\u00f4n cao t\u1ea1i Mogi.vn \u0111\u1ec3 th\u1ef1c hi\u1ec7n ki\u1ec3m duy\u1ec7t l\u1ea7n cu\u1ed1i, nh\u1eb1m \u0111\u1ea3m b\u1ea3o ch\u1ea5t l\u01b0\u1ee3ng t\u1ed1i \u01b0u tr\u01b0\u1edbc khi xu\u1ea5t b\u1ea3n. Qu\u00e1 tr\u00ecnh ki\u1ec3m duy\u1ec7t n\u00e0y bao g\u1ed3m:<\/span><\/p>\n<ul style=\"text-align: justify;\">\n<li style=\"font-weight: 400;\" aria-level=\"1\"><span style=\"font-weight: 400;\">R\u00e0 so\u00e1t ch\u00ednh t\u1ea3: Ki\u1ec3m tra k\u1ef9 l\u01b0\u1ee1ng c\u00e1c l\u1ed7i ch\u00ednh t\u1ea3, ng\u1eef ph\u00e1p, v\u00e0 c\u00e1ch di\u1ec5n \u0111\u1ea1t \u0111\u1ec3 \u0111\u1ea3m b\u1ea3o s\u1ef1 tr\u00f4i ch\u1ea3y v\u00e0 chuy\u00ean nghi\u1ec7p.<\/span><\/li>\n<li style=\"font-weight: 400;\" aria-level=\"1\"><span style=\"font-weight: 400;\">X\u00e1c th\u1ef1c n\u1ed9i dung: \u0110\u1ed1i chi\u1ebfu l\u1ea1i c\u00e1c th\u00f4ng tin, s\u1ed1 li\u1ec7u, t\u00ean g\u1ecdi, \u0111\u1ecba danh, v\u00e0 quy \u0111\u1ecbnh ph\u00e1p l\u00fd li\u00ean quan \u0111\u1ebfn b\u1ea5t \u0111\u1ed9ng s\u1ea3n.<\/span><\/li>\n<li style=\"font-weight: 400;\" aria-level=\"1\"><span style=\"font-weight: 400;\">\u0110\u00e1nh gi\u00e1 gi\u00e1 tr\u1ecb v\u00e0 s\u1ef1 ph\u00f9 h\u1ee3p: \u0110\u00e1nh gi\u00e1 m\u1ee9c \u0111\u1ed9 h\u1eefu \u00edch c\u1ee7a b\u00e0i vi\u1ebft \u0111\u1ed1i v\u1edbi \u0111\u1ed9c gi\u1ea3 v\u00e0 s\u1ef1 ph\u00f9 h\u1ee3p v\u1edbi \u0111\u1ecbnh h\u01b0\u1edbng n\u1ed9i dung c\u1ee7a Mogi.vn.<\/span><\/li>\n<li style=\"font-weight: 400;\" aria-level=\"1\"><span style=\"font-weight: 400;\">Ki\u1ec3m tra t\u00ednh th\u1ea9m m\u1ef9: \u0110\u1ea3m b\u1ea3o b\u00e0i vi\u1ebft c\u00f3 b\u1ed1 c\u1ee5c khoa h\u1ecdc, d\u1ec5 \u0111\u1ecdc, v\u00e0 thu h\u00fat v\u1ec1 m\u1eb7t h\u00ecnh th\u1ee9c.<\/span><\/li>\n<\/ul>\n<h3 style=\"text-align: justify;\"><b>Giai \u0111o\u1ea1n 5: Xu\u1ea5t b\u1ea3n N\u1ed9i dung<\/b><\/h3>\n<p style=\"text-align: justify;\"><span style=\"font-weight: 400;\">Khi b\u00e0i vi\u1ebft \u0111\u00e3 v\u01b0\u1ee3t qua m\u1ecdi v\u00f2ng ki\u1ec3m duy\u1ec7t v\u00e0 \u0111\u1ea1t ti\u00eau chu\u1ea9n ch\u1ea5t l\u01b0\u1ee3ng, \u0111\u1ed9i ng\u0169 Mogi.vn s\u1ebd ti\u1ebfn h\u00e0nh c\u00f4ng b\u1ed1 n\u1ed9i dung tr\u00ean website Mogi.vn, \u0111\u01b0a nh\u1eefng th\u00f4ng tin gi\u00e1 tr\u1ecb \u0111\u1ebfn v\u1edbi h\u00e0ng tri\u1ec7u ng\u01b0\u1eddi d\u00f9ng \u0111ang t\u00ecm ki\u1ebfm th\u00f4ng tin b\u1ea5t \u0111\u1ed9ng s\u1ea3n.<\/span><\/p>\n","protected":false},"excerpt":{"rendered":"<p>T\u1ea1i Mogi.vn, \u0111\u1ed9i ng\u0169 bi\u00ean t\u1eadp cam k\u1ebft cung c\u1ea5p th\u00f4ng tin b\u1ea5t \u0111\u1ed9ng s\u1ea3n ch\u00ednh x\u00e1c, chuy\u00ean s\u00e2u v\u00e0 \u0111\u00e1ng tin c\u1eady nh\u1ea5t \u0111\u1ebfn c\u1ed9ng \u0111\u1ed3ng ng\u01b0\u1eddi d\u00f9ng. \u0110\u1ec3 hi\u1ec7n th\u1ef1c h\u00f3a cam k\u1ebft n\u00e0y, Mogi.vn \u0111\u00e3 thi\u1ebft l\u1eadp m\u1ed9t quy tr\u00ecnh bi\u00ean t\u1eadp v\u00e0 xu\u1ea5t b\u1ea3n n\u1ed9i dung nghi\u00eam ng\u1eb7t, \u0111\u1ea3m b\u1ea3o ch\u1ea5t [&hellip;]<\/p>\n","protected":false},"author":274,"featured_media":281907,"parent":0,"menu_order":0,"comment_status":"closed","ping_status":"closed","template":"","meta":{"_acf_changed":false,"ub_ctt_via":"","_lmt_disableupdate":"","_lmt_disable":"","footnotes":""},"acf":[],"featured_image_src":"https:\/\/cdnnews.mogi.vn\/news\/wp-content\/uploads\/2025\/07\/29095454\/quy-trinh-xuat-ban-noi-dung-mogi.jpg","_links":{"self":[{"href":"https:\/\/mogi.vn\/news\/wp-json\/wp\/v2\/pages\/281903"}],"collection":[{"href":"https:\/\/mogi.vn\/news\/wp-json\/wp\/v2\/pages"}],"about":[{"href":"https:\/\/mogi.vn\/news\/wp-json\/wp\/v2\/types\/page"}],"author":[{"embeddable":true,"href":"https:\/\/mogi.vn\/news\/wp-json\/wp\/v2\/users\/274"}],"replies":[{"embeddable":true,"href":"https:\/\/mogi.vn\/news\/wp-json\/wp\/v2\/comments?post=281903"}],"version-history":[{"count":1,"href":"https:\/\/mogi.vn\/news\/wp-json\/wp\/v2\/pages\/281903\/revisions"}],"predecessor-version":[{"id":281908,"href":"https:\/\/mogi.vn\/news\/wp-json\/wp\/v2\/pages\/281903\/revisions\/281908"}],"wp:featuredmedia":[{"embeddable":true,"href":"https:\/\/mogi.vn\/news\/wp-json\/wp\/v2\/media\/281907"}],"wp:attachment":[{"href":"https:\/\/mogi.vn\/news\/wp-json\/wp\/v2\/media?parent=281903"}],"curies":[{"name":"wp","href":"https:\/\/api.w.org\/{rel}","templated":true}]}}