{"id":13392,"date":"2018-05-16T11:07:39","date_gmt":"2018-05-16T04:07:39","guid":{"rendered":"https:\/\/mogi.vn\/news\/?page_id=13392"},"modified":"2022-03-17T15:54:25","modified_gmt":"2022-03-17T08:54:25","slug":"xem-gia-nha-dat","status":"publish","type":"page","link":"https:\/\/mogi.vn\/news\/xem-gia-nha-dat\/","title":{"rendered":"Gi\u00e1 Nh\u00e0 \u0110\u1ea5t, L\u1ecbch S\u1eed Gi\u00e1 B\u0110S T\u1ea1i H\u00e0 N\u1ed9i &#038; TPHCM"},"content":{"rendered":"","protected":false},"excerpt":{"rendered":"","protected":false},"author":50,"featured_media":0,"parent":0,"menu_order":0,"comment_status":"closed","ping_status":"closed","template":"","meta":{"_acf_changed":false,"ub_ctt_via":"","_lmt_disableupdate":"","_lmt_disable":"","footnotes":""},"acf":[],"featured_image_src":null,"_links":{"self":[{"href":"https:\/\/mogi.vn\/news\/wp-json\/wp\/v2\/pages\/13392"}],"collection":[{"href":"https:\/\/mogi.vn\/news\/wp-json\/wp\/v2\/pages"}],"about":[{"href":"https:\/\/mogi.vn\/news\/wp-json\/wp\/v2\/types\/page"}],"author":[{"embeddable":true,"href":"https:\/\/mogi.vn\/news\/wp-json\/wp\/v2\/users\/50"}],"replies":[{"embeddable":true,"href":"https:\/\/mogi.vn\/news\/wp-json\/wp\/v2\/comments?post=13392"}],"version-history":[{"count":0,"href":"https:\/\/mogi.vn\/news\/wp-json\/wp\/v2\/pages\/13392\/revisions"}],"wp:attachment":[{"href":"https:\/\/mogi.vn\/news\/wp-json\/wp\/v2\/media?parent=13392"}],"curies":[{"name":"wp","href":"https:\/\/api.w.org\/{rel}","templated":true}]}}